{"id":3159,"date":"2025-04-01T09:18:56","date_gmt":"2025-04-01T07:18:56","guid":{"rendered":"https:\/\/grupoloen.com\/legal-notice\/"},"modified":"2025-04-15T09:20:52","modified_gmt":"2025-04-15T07:20:52","slug":"aviso-legal","status":"publish","type":"page","link":"https:\/\/grupoloen.com\/es\/aviso-legal\/","title":{"rendered":"Legal notice"},"content":{"rendered":"\t\t<div data-elementor-type=\"wp-page\" data-elementor-id=\"3159\" class=\"elementor elementor-3159 elementor-2413\" data-elementor-post-type=\"page\">\n\t\t\t\t<div class=\"elementor-element elementor-element-c066156 e-flex e-con-boxed e-con e-parent\" data-id=\"c066156\" data-element_type=\"container\" data-e-type=\"container\">\n\t\t\t\t\t<div class=\"e-con-inner\">\n\t\t\t\t<div class=\"elementor-element elementor-element-a45ad05 elementor-widget elementor-widget-heading\" data-id=\"a45ad05\" data-element_type=\"widget\" data-e-type=\"widget\" data-widget_type=\"heading.default\">\n\t\t\t\t<div class=\"elementor-widget-container\">\n\t\t\t\t\t<h2 class=\"elementor-heading-title elementor-size-default\">Aviso legal<\/h2>\t\t\t\t<\/div>\n\t\t\t\t<\/div>\n\t\t\t\t<div class=\"elementor-element elementor-element-7da73d2 elementor-widget elementor-widget-spacer\" data-id=\"7da73d2\" data-element_type=\"widget\" data-e-type=\"widget\" data-widget_type=\"spacer.default\">\n\t\t\t\t<div class=\"elementor-widget-container\">\n\t\t\t\t\t\t\t<div class=\"elementor-spacer\">\n\t\t\t<div class=\"elementor-spacer-inner\"><\/div>\n\t\t<\/div>\n\t\t\t\t\t\t<\/div>\n\t\t\t\t<\/div>\n\t\t\t\t<div class=\"elementor-element elementor-element-b7f0dad underline elementor-widget elementor-widget-text-editor\" data-id=\"b7f0dad\" data-element_type=\"widget\" data-e-type=\"widget\" data-widget_type=\"text-editor.default\">\n\t\t\t\t<div class=\"elementor-widget-container\">\n\t\t\t\t\t\t\t\t\t<p>En cumplimiento con el deber de informaci\u00f3n recogido en art\u00edculo 10 de la Ley 34\/2002, de 11 de julio, de Servicios de la Sociedad de la Informaci\u00f3n y del Comercio Electr\u00f3nico (LSSICE), el propietario de la web , le informa de lo siguiente:<\/p><p>Denominaci\u00f3n social: Loen &amp; Asdos., S.L.<br \/>NIF: B29795820<br \/>Domicilio: Blv. Alfonso De Holenlohe, Ctro. De Negocios Tembo, Blq. A, Ofic. 8, 29602 \u2013 Marbella (M\u00e1laga)<\/p><p>Con los l\u00edmites establecidos en la ley, Loen &amp; Asdos., S.L. no asume ninguna responsabilidad derivada de la falta de veracidad, integridad, actualizaci\u00f3n y precisi\u00f3n de los datos o informaciones que contienen sus p\u00e1ginas web.<\/p><p>Los contenidos e informaci\u00f3n no vinculan a Loen &amp; Asdos., S.L. ni constituyen opiniones, consejos o asesoramiento legal de ning\u00fan tipo pues se trata meramente de un servicio ofrecido con car\u00e1cter informativo y divulgativo.<\/p><p>Las p\u00e1ginas de Internet de Loen &amp; Asdos., S.L. pueden contener enlaces (links) a otras p\u00e1ginas de terceras partes que Loen &amp; Asdos., S.L. no puede controlar. Por lo tanto, Loen &amp; Asdos., S.L. no puede asumir responsabilidades por el contenido que pueda aparecer en p\u00e1ginas de terceros.<\/p><p>Los textos, im\u00e1genes, sonidos, animaciones, software y el resto de contenidos incluidos en este website son propiedad exclusiva de Loen &amp; Asdos., S.L. o sus licenciantes. Cualquier acto de transmisi\u00f3n, distribuci\u00f3n, cesi\u00f3n, reproducci\u00f3n, almacenamiento o comunicaci\u00f3n p\u00fablica total o parcial, deber\u00e1 contar con el consentimiento expreso de Loen &amp; Asdos., S.L..<\/p><p>Asimismo, para acceder a algunos de los servicios que Loen &amp; Asdos., S.L. ofrece a trav\u00e9s del sitio web, deber\u00e1 proporcionar algunos datos de car\u00e1cter personal. En cumplimiento de lo establecido en el Reglamento (UE) 2016\/679 del Parlamento Europeo y del Consejo, de 27 de abril de 2016, relativo a la protecci\u00f3n de las personas f\u00edsicas en lo que respecta al tratamiento de datos personales y a la libre circulaci\u00f3n de estos datos le informamos que, mediante la cumplimentaci\u00f3n de los presentes formularios, sus datos personales quedar\u00e1n incorporados y ser\u00e1n tratados en los ficheros de Loen &amp; Asdos., S.L. con el fin de poderle prestar y ofrecer nuestros servicios as\u00ed como para informarle de las mejoras del sitio Web.<\/p><p>Le informamos tambi\u00e9n de que tendr\u00e1 la posibilidad en todo momento de ejercer los derechos de acceso, rectificaci\u00f3n, cancelaci\u00f3n, oposici\u00f3n, limitaci\u00f3n y portabilidad de sus datos de car\u00e1cter personal, de manera gratuita mediante email a: info@grupoloen.com o en la direcci\u00f3n: Blv. Alfonso De Holenlohe, Ctro. De Negocios Tembo, Blq. A, Ofic. 8, 29602 \u2013 Marbella (M\u00e1laga).<\/p>\t\t\t\t\t\t\t\t<\/div>\n\t\t\t\t<\/div>\n\t\t\t\t\t<\/div>\n\t\t\t\t<\/div>\n\t\t\t\t<\/div>\n\t\t","protected":false},"excerpt":{"rendered":"<p>Legal notice In compliance with the information duty established in Article 10 of Law 34\/2002, of July 11, on Information Society Services and Electronic Commerce (LSSICE), the website owner informs you of the following: Company Name: Loen &amp; Asdos., S.L.NIF: B29795820Address: Blv. Alfonso De Holenlohe, Ctro. De Negocios Tembo, Blq. A, Ofic. 8, 29602 \u2013 [&hellip;]<\/p>\n","protected":false},"author":3,"featured_media":0,"parent":0,"menu_order":0,"comment_status":"closed","ping_status":"closed","template":"","meta":{"footnotes":""},"class_list":["post-3159","page","type-page","status-publish","hentry"],"_links":{"self":[{"href":"https:\/\/grupoloen.com\/es\/wp-json\/wp\/v2\/pages\/3159","targetHints":{"allow":["GET"]}}],"collection":[{"href":"https:\/\/grupoloen.com\/es\/wp-json\/wp\/v2\/pages"}],"about":[{"href":"https:\/\/grupoloen.com\/es\/wp-json\/wp\/v2\/types\/page"}],"author":[{"embeddable":true,"href":"https:\/\/grupoloen.com\/es\/wp-json\/wp\/v2\/users\/3"}],"replies":[{"embeddable":true,"href":"https:\/\/grupoloen.com\/es\/wp-json\/wp\/v2\/comments?post=3159"}],"version-history":[{"count":23,"href":"https:\/\/grupoloen.com\/es\/wp-json\/wp\/v2\/pages\/3159\/revisions"}],"predecessor-version":[{"id":3541,"href":"https:\/\/grupoloen.com\/es\/wp-json\/wp\/v2\/pages\/3159\/revisions\/3541"}],"wp:attachment":[{"href":"https:\/\/grupoloen.com\/es\/wp-json\/wp\/v2\/media?parent=3159"}],"curies":[{"name":"wp","href":"https:\/\/api.w.org\/{rel}","templated":true}]}}