{"id":3149,"date":"2025-04-01T09:23:33","date_gmt":"2025-04-01T07:23:33","guid":{"rendered":"https:\/\/grupoloen.com\/cookie-policy\/"},"modified":"2025-04-15T09:22:58","modified_gmt":"2025-04-15T07:22:58","slug":"politica-cookies","status":"publish","type":"page","link":"https:\/\/grupoloen.com\/es\/politica-cookies\/","title":{"rendered":"Cookie Policy"},"content":{"rendered":"\t\t<div data-elementor-type=\"wp-page\" data-elementor-id=\"3149\" class=\"elementor elementor-3149 elementor-2431\" data-elementor-post-type=\"page\">\n\t\t\t\t<div class=\"elementor-element elementor-element-c066156 e-flex e-con-boxed e-con e-parent\" data-id=\"c066156\" data-element_type=\"container\" data-e-type=\"container\">\n\t\t\t\t\t<div class=\"e-con-inner\">\n\t\t\t\t<div class=\"elementor-element elementor-element-a45ad05 elementor-widget elementor-widget-heading\" data-id=\"a45ad05\" data-element_type=\"widget\" data-e-type=\"widget\" data-widget_type=\"heading.default\">\n\t\t\t\t<div class=\"elementor-widget-container\">\n\t\t\t\t\t<h2 class=\"elementor-heading-title elementor-size-default\">Pol\u00edtica de cookies<\/h2>\t\t\t\t<\/div>\n\t\t\t\t<\/div>\n\t\t\t\t<div class=\"elementor-element elementor-element-7da73d2 elementor-widget elementor-widget-spacer\" data-id=\"7da73d2\" data-element_type=\"widget\" data-e-type=\"widget\" data-widget_type=\"spacer.default\">\n\t\t\t\t<div class=\"elementor-widget-container\">\n\t\t\t\t\t\t\t<div class=\"elementor-spacer\">\n\t\t\t<div class=\"elementor-spacer-inner\"><\/div>\n\t\t<\/div>\n\t\t\t\t\t\t<\/div>\n\t\t\t\t<\/div>\n\t\t\t\t<div class=\"elementor-element elementor-element-b7f0dad underline elementor-widget elementor-widget-text-editor\" data-id=\"b7f0dad\" data-element_type=\"widget\" data-e-type=\"widget\" data-widget_type=\"text-editor.default\">\n\t\t\t\t<div class=\"elementor-widget-container\">\n\t\t\t\t\t\t\t\t\t<p>Loen &amp; Asdos., S.L. informa acerca del uso de las cookies en su p\u00e1gina web:\u00a0<a href=\"http:\/\/www.grupoloen.com\/\">www.grupoloen.com<\/a><\/p><p><strong>\u00bfQu\u00e9 son las cookies?<\/strong><\/p><p>Las cookies son archivos que se pueden descargar en su equipo a trav\u00e9s de las p\u00e1ginas web. Son herramientas que tienen un papel esencial para la prestaci\u00f3n de numerosos servicios de la sociedad de la informaci\u00f3n. Entre otros, permiten a una p\u00e1gina web almacenar y recuperar informaci\u00f3n sobre los h\u00e1bitos de navegaci\u00f3n de un usuario o de su equipo y, dependiendo de la informaci\u00f3n obtenida, se pueden utilizar para reconocer al usuario y mejorar el servicio ofrecido.<\/p><p><strong>Tipos de cookies<\/strong><\/p><p>Seg\u00fan quien sea la entidad que gestione el dominio desde donde se env\u00edan las cookies y trate los datos que se obtengan se pueden distinguir dos tipos:<\/p><ul><li>Cookies propias: Aqu\u00e9llas que se env\u00edan al equipo terminal del usuario desde un equipo o dominio gestionado por el propio editor y desde el que se presta el servicio solicitado por el usuario.<\/li><li>Cookies de terceros: Aqu\u00e9llas que se env\u00edan al equipo terminal del usuario desde un equipo o dominio que no es gestionado por el editor, sino por otra entidad que trata los datos obtenidos trav\u00e9s de las cookies.<\/li><\/ul><p>En el caso de que las cookies sean instaladas desde un equipo o dominio gestionado por el propio editor pero la informaci\u00f3n que se recoja mediante \u00e9stas sea gestionada por un tercero, no pueden ser consideradas como cookies propias.<\/p><p>Existe tambi\u00e9n una segunda clasificaci\u00f3n seg\u00fan el plazo de tiempo que permanecen almacenadas en el navegador del cliente, pudiendo tratarse de:<\/p><ul><li>Cookies de sesi\u00f3n: Dise\u00f1adas para recabar y almacenar datos mientras el usuario accede a una p\u00e1gina web. Se suelen emplear para almacenar informaci\u00f3n que solo interesa conservar para la prestaci\u00f3n del servicio solicitado por el usuario en una sola ocasi\u00f3n (p.e. una lista de productos adquiridos).<\/li><li>Cookies persistentes: Los datos siguen almacenados en el terminal y pueden ser accedidos y tratados durante un periodo definido por el responsable de la cookie, y que puede ir de unos minutos a varios a\u00f1os.<\/li><\/ul><p>Por \u00faltimo, existe otra clasificaci\u00f3n con seis tipos de cookies seg\u00fan la finalidad para la que se traten los datos obtenidos:<\/p><ul><li>Cookies t\u00e9cnicas: Aquellas que permiten al usuario la navegaci\u00f3n a trav\u00e9s de una p\u00e1gina web, plataforma o aplicaci\u00f3n y la utilizaci\u00f3n de las diferentes opciones o servicios que en ella existan como, por ejemplo, controlar el tr\u00e1fico y la comunicaci\u00f3n de datos, identificar la sesi\u00f3n, acceder a partes de acceso restringido, recordar los elementos que integran un pedido, realizar el proceso de compra de un pedido, realizar la solicitud de inscripci\u00f3n o participaci\u00f3n en un evento, utilizar elementos de seguridad durante la navegaci\u00f3n, almacenar contenidos para la difusi\u00f3n de v\u00eddeos o sonido o compartir contenidos a trav\u00e9s de redes sociales.<\/li><li>Cookies de personalizaci\u00f3n: Permiten al usuario acceder al servicio con algunas caracter\u00edsticas de car\u00e1cter general predefinidas en funci\u00f3n de una serie de criterios en el terminal del usuario como por ejemplo serian el idioma, el tipo de navegador a trav\u00e9s del cual accede al servicio, la configuraci\u00f3n regional desde donde accede al servicio, etc.<\/li><li>Cookies de an\u00e1lisis: Permiten al responsable de las mismas, el seguimiento y an\u00e1lisis del comportamiento de los usuarios de los sitios web a los que est\u00e1n vinculadas. La informaci\u00f3n recogida mediante este tipo de cookies se utiliza en la medici\u00f3n de la actividad de los sitios web, aplicaci\u00f3n o plataforma y para la elaboraci\u00f3n de perfiles de navegaci\u00f3n de los usuarios de dichos sitios, aplicaciones y plataformas, con el fin de introducir mejoras en funci\u00f3n del an\u00e1lisis de los datos de uso que hacen los usuarios del servicio.<\/li><li>Cookies publicitarias: Permiten la gesti\u00f3n, de la forma m\u00e1s eficaz posible, de los espacios publicitarios.<\/li><li>Cookies de publicidad comportamental: Almacenan informaci\u00f3n del comportamiento de los usuarios obtenida a trav\u00e9s de la observaci\u00f3n continuada de sus h\u00e1bitos de navegaci\u00f3n, lo que permite desarrollar un perfil espec\u00edfico para mostrar publicidad en funci\u00f3n del mismo.<\/li><li>Cookies de redes sociales externas: Se utilizan para que los visitantes puedan interactuar con el contenido de diferentes plataformas sociales (facebook, youtube, twitter, linkedIn, etc..) y que se generen \u00fanicamente para los usuarios de dichas redes sociales. Las condiciones de utilizaci\u00f3n de estas cookies y la informaci\u00f3n recopilada se regula por la pol\u00edtica de privacidad de la plataforma social correspondiente.<\/li><\/ul><p><strong>Desactivaci\u00f3n y eliminaci\u00f3n de cookies<\/strong><\/p><p>Tienes la opci\u00f3n de permitir, bloquear o eliminar las cookies instaladas en tu equipo mediante la configuraci\u00f3n de las opciones del navegador instalado en su equipo. Al desactivar cookies, algunos de los servicios disponibles podr\u00edan dejar de estar operativos. La forma de deshabilitar las cookies es diferente para cada navegador, pero normalmente puede hacerse desde el men\u00fa Herramientas u Opciones. Tambi\u00e9n puede consultarse el men\u00fa de Ayuda del navegador d\u00f3nde puedes encontrar instrucciones. El usuario podr\u00e1 en cualquier momento elegir qu\u00e9 cookies quiere que funcionen en este sitio web.<\/p><p>Puede usted permitir, bloquear o eliminar las cookies instaladas en su equipo mediante la configuraci\u00f3n de las opciones del navegador instalado en su ordenador:<\/p><ul><li>Microsoft Internet Explorer o Microsoft Edge: http:\/\/windows.microsoft.com\/es-es\/windows-vista\/Block-or-allow-cookies<\/li><li>Mozilla Firefox: http:\/\/support.mozilla.org\/es\/kb\/impedir-que-los-sitios-web-guarden-sus-preferencia<\/li><li>Chrome: https:\/\/support.google.com\/accounts\/answer\/61416?hl=es<\/li><li>Safari: http:\/\/safari.helpmax.net\/es\/privacidad-y-seguridad\/como-gestionar-las-cookies\/<\/li><li>Opera: http:\/\/help.opera.com\/Linux\/10.60\/es-ES\/cookies.html<\/li><\/ul><p>Adem\u00e1s, tambi\u00e9n puede gestionar el almac\u00e9n de cookies en su navegador a trav\u00e9s de herramientas como las siguientes:<\/p><ul><li>Ghostery: www.ghostery.com<\/li><li>Your Online Choices: www.youronlinechoices.com\/es\/<\/li><\/ul><p>Cookies utilizadas en www.grupoloen.com<\/p><p>A continuaci\u00f3n se identifican las cookies que est\u00e1n siendo utilizadas en este portal as\u00ed como su tipolog\u00eda y funci\u00f3n:<\/p><ul><li>__Secure-ENID<ul><li>Duraci\u00f3n: 1 a\u00f1o<\/li><li>Descripci\u00f3n: Cookie necesaria para la utilizaci\u00f3n de las opciones y servicios del sitio web<\/li><li>Tipo: Tercero<\/li><li>Finalidad: T\u00e9cnica<\/li><\/ul><\/li><li>ar_debug<ul><li>Duraci\u00f3n: 2 meses<\/li><li>Descripci\u00f3n: Cookie necesaria para la utilizaci\u00f3n de las opciones y servicios del sitio web.<\/li><li>Tipo: Tercero<\/li><li>Finalidad: Anal\u00edtica<\/li><\/ul><\/li><li>_ga<ul><li>Duraci\u00f3n: 2 a\u00f1os<\/li><li>Descripci\u00f3n: Sirve para distinguir a los usuarios. Generada por Google Analytics. Google almacena la informacion recogida por las cookies en servidores ubicados en Estados Unidos, cumpliendo con la legislaci\u00f3n Europea en cuanto a protecci\u00f3n de datos personales y se compromete a no compartirla con terceros, excepto cuando la ley le obligue a ello o sea necesario para el funcionamiento del sistema. Google no asocia su direccion IP con ninguna otra informacion que tenga. Si desea obtener mas informacion acerca de las cookies usadas por Google Analytics, por favor acceda a esta direccion: https:\/\/developers.google.com\/analytics\/devguides\/collection\/analyticsjs\/cookie-usage?hl=es&amp;csw=1<\/li><li>Tipo: Tercero<\/li><li>Finalidad: Anal\u00edtica<\/li><\/ul><\/li><li>_gid<ul><li>Duraci\u00f3n: 24 horas<\/li><li>Descripci\u00f3n: Generada por Google Analytics. Google almacena la informacion recogida por las cookies en servidores ubicados en Estados Unidos, cumpliendo con la legislaci\u00f3n Europea en cuanto a protecci\u00f3n de datos personales y se compromete a no compartirla con terceros, excepto cuando la ley le obligue a ello o sea necesario para el funcionamiento del sistema. Google no asocia su direccion IP con ninguna otra informacion que tenga. Si desea obtener mas informacion acerca de las cookies usadas por Google Analytics, por favor acceda a esta direccion: https:\/\/developers.google.com\/analytics\/devguides\/collection\/analyticsjs\/cookie-usage?hl=es&amp;csw<\/li><li>Tipo: Tercero<\/li><li>Finalidad: Anal\u00edtica<\/li><\/ul><\/li><li>_gat<ul><li>Duraci\u00f3n: 1 minuto<\/li><li>Descripci\u00f3n: Utilizada para mostrar nuestra publicidad en otras p\u00e1ginas de la red de Google. Generada por Google Analytics. Google almacena la informacion recogida por las cookies en servidores ubicados en Estados Unidos, cumpliendo con la legislaci\u00f3n Europea en cuanto a protecci\u00f3n de datos personales y se compromete a no compartirla con terceros, excepto cuando la ley le obligue a ello o sea necesario para el funcionamiento del sistema. Google no asocia su direccion IP con ninguna otra informacion que tenga. Si desea obtener mas informacion acerca de las cookies usadas por Google Analytics, por favor acceda a esta direccion: https:\/\/developers.google.com\/analytics\/devguides\/collection\/analyticsjs\/cookie-usage?hl=es&amp;csw=1<\/li><li>Tipo: Tercero<\/li><li>Finalidad: Anal\u00edtica<\/li><\/ul><\/li><li>CookieLawInfoConsent<ul><li>Duraci\u00f3n: 11 meses<\/li><li>Descripci\u00f3n: Esta Cookie est\u00e1 configurada el Plugin GDPR y se utiliza para almacenar si el usuario ha consentido o no el uso de Cookies. No almacena ning\u00fan dato personal.<\/li><li>Tipo: Propia<\/li><li>Finalidad: T\u00e9cnica<\/li><\/ul><\/li><li>viewed_cookie_policy<ul><li>Duraci\u00f3n: 1 a\u00f1o<\/li><li>Descripci\u00f3n: Cookies de uso interno necesaria para el funcionamiento de la visualizaci\u00f3n de la pol\u00edtica de cookies de la web.<\/li><li>Tipo: Propia<\/li><li>Finalidad: T\u00e9cnica<\/li><\/ul><\/li><li>cdp-cookies-plugin-wp<ul><li>Duraci\u00f3n: 1 a\u00f1o<\/li><li>Descripci\u00f3n: Esta cookie se utiliza para mostrar o no mostrar el aviso de pol\u00edtica de cookies en funci\u00f3n de si ya se ha aceptado o no.<\/li><li>Tipo: Propia<\/li><li>Finalidad: T\u00e9cnica<\/li><\/ul><\/li><li>cookielawinfo-checkbox-others<ul><li>Duraci\u00f3n: 11 meses<\/li><li>Descripci\u00f3n: Esta cookie ha sido establecida por el plugin GDPR Cookie Consent. La cookie se utiliza para almacenar el consentimiento del usuario para las cookies de la categor\u00eda \u00abOtros\u00bb.<\/li><li>Tipo: Propia<\/li><li>Finalidad: T\u00e9cnica<\/li><\/ul><\/li><li>cookielawinfo-checkbox-advertisement<ul><li>Duraci\u00f3n: 1 a\u00f1o<\/li><li>Descripci\u00f3n: La cookie se establece por el consentimiento de cookies GDPR para registrar el consentimiento del usuario para las cookies en la categor\u00eda \u00abPublicidad\u00bb.<\/li><li>Tipo: Propia<\/li><li>Finalidad: T\u00e9cnica<\/li><\/ul><\/li><li>cookielawinfo-checkbox-analytics<ul><li>Duraci\u00f3n: 11 meses<\/li><li>Descripci\u00f3n: Esta cookie ha sido establecida por el plugin GDPR Cookie Consent. La cookie se utiliza para almacenar el consentimiento del usuario para las cookies de la categor\u00eda \u00abAnalytics\u00bb.<\/li><li>Tipo: Propia<\/li><li>Finalidad: T\u00e9cnica<\/li><\/ul><\/li><li>cookielawinfo-checkbox-functional<ul><li>Duraci\u00f3n: 11 meses<\/li><li>Descripci\u00f3n: La cookie se establece por el consentimiento de cookies GDPR para registrar el consentimiento del usuario para las cookies en la categor\u00eda \u00abFuncional\u00bb.<\/li><li>Tipo: Propia<\/li><li>Finalidad: T\u00e9cnica<\/li><\/ul><\/li><li>cookielawinfo-checkbox-necessary<ul><li>Duraci\u00f3n: 11 meses<\/li><li>Descripci\u00f3n: Esta cookie ha sido establecida por el plugin GDPR Cookie Consent. Las cookies se utilizan para almacenar el consentimiento del usuario para las cookies en la categor\u00eda \u00abNecesario\u00bb.<\/li><li>Tipo: Propia<\/li><li>Finalidad: T\u00e9cnica<\/li><\/ul><\/li><li>cookielawinfo-checkbox-performance<ul><li>Duraci\u00f3n: 11 meses<\/li><li>Descripci\u00f3n: Esta cookie es establecida por el plugin de Consentimiento de Cookies de GDPR. La finalidad de esta cookie es comprobar si el usuario ha dado su consentimiento para el uso de las cookies en la categor\u00eda `Rendimiento.<\/li><li>Tipo: Propia<\/li><li>Finalidad: T\u00e9cnica<\/li><\/ul><\/li><li>AEC<ul><li>Duraci\u00f3n: 6 meses<\/li><li>Descripci\u00f3n: Cookie necesaria para la utilizaci\u00f3n de las opciones y servicios del sitio web<\/li><li>Tipo: Tercero<\/li><li>Finalidad: T\u00e9cnica<\/li><\/ul><\/li><li>DV<ul><li>Duraci\u00f3n: Sesi\u00f3n<\/li><li>Descripci\u00f3n: Identifica al usuario si est\u00e1 logueado con su cuenta de Google<\/li><li>Tipo: Tercero<\/li><li>Finalidad: T\u00e9cnica<\/li><\/ul><\/li><li>IDE<ul><li>Duraci\u00f3n: 1 a\u00f1o y 1 mes<\/li><li>Descripci\u00f3n: Cookie necesaria para la utilizaci\u00f3n de las opciones y servicios del sitio web<\/li><li>Tipo: Tercero<\/li><li>Finalidad: T\u00e9cnica<\/li><\/ul><\/li><li>SOCS<ul><li>Duraci\u00f3n: 1 a\u00f1o y 1 mes<\/li><li>Descripci\u00f3n: Para almacenar el estado de un usuario respecto a sus elecciones de cookies<\/li><li>Tipo: Tercero<\/li><li>Finalidad: T\u00e9cnica<\/li><\/ul><\/li><li>VISITOR_INFO1_LIVE<ul><li>Duraci\u00f3n: 6 meses<\/li><li>Descripci\u00f3n: Youtube instala esta cookie para hacer un seguimiento de las preferencias del usuario en relaci\u00f3n con los v\u00eddeos de Youtube incrustados en sitios web; tambi\u00e9n puede determinar si el visitante del sitio web est\u00e1 utilizando la versi\u00f3n nueva o antigua de la interfaz de Youtube.<\/li><li>Tipo: Tercero<\/li><li>Finalidad: Redes sociales<\/li><\/ul><\/li><li>YSC<ul><li>Duraci\u00f3n: Al cerrar sesi\u00f3n<\/li><li>Descripci\u00f3n: En algunas p\u00e1ginas de nuestro Sitio Web tenemos v\u00eddeos incrustados de Youtube, es un servicio de Google. Su uso implica la remisi\u00f3n de esta cookie adem\u00e1s de las cookies que Google requiere si mantiene la sesi\u00f3n activa con su cuenta, con el prop\u00f3sito de visualizar los v\u00eddeos incrustados, estimar el ancho de banda y mostrar cuantas veces se ha reproducido.<\/li><li>Tipo: Tercero<\/li><li>Finalidad: Redes sociales<\/li><\/ul><\/li><\/ul><p>www.grupoloen.com muestra informaci\u00f3n sobre su Pol\u00edtica de cookies en la parte inferior o superior de cualquier p\u00e1gina del portal con cada inicio de sesi\u00f3n.<\/p><p>Ante esta informaci\u00f3n es posible llevar a cabo las siguientes acciones:<\/p><ul><li>Aceptar cookies: No se volver\u00e1 a visualizar este aviso al acceder a cualquier p\u00e1gina del portal durante la presente sesi\u00f3n.<\/li><li>Modificar\/personalizar su configuraci\u00f3n: Podr\u00e1 obtener m\u00e1s informaci\u00f3n sobre qu\u00e9 son las cookies, conocer la Pol\u00edtica de cookies de: www.grupoloen.com y modificar la configuraci\u00f3n de su navegador.<\/li><\/ul>\t\t\t\t\t\t\t\t<\/div>\n\t\t\t\t<\/div>\n\t\t\t\t\t<\/div>\n\t\t\t\t<\/div>\n\t\t\t\t<\/div>\n\t\t","protected":false},"excerpt":{"rendered":"<p>Cookie Policy Loen &amp; Asdos., S.L. informs about the use of cookies on its website: www.grupoloen.com What are cookies? Cookies are files that can be downloaded to your device through websites. They are tools that play a crucial role in providing numerous services in the information society. Among other things, they allow a website to [&hellip;]<\/p>\n","protected":false},"author":3,"featured_media":0,"parent":0,"menu_order":0,"comment_status":"closed","ping_status":"closed","template":"","meta":{"footnotes":""},"class_list":["post-3149","page","type-page","status-publish","hentry"],"_links":{"self":[{"href":"https:\/\/grupoloen.com\/es\/wp-json\/wp\/v2\/pages\/3149","targetHints":{"allow":["GET"]}}],"collection":[{"href":"https:\/\/grupoloen.com\/es\/wp-json\/wp\/v2\/pages"}],"about":[{"href":"https:\/\/grupoloen.com\/es\/wp-json\/wp\/v2\/types\/page"}],"author":[{"embeddable":true,"href":"https:\/\/grupoloen.com\/es\/wp-json\/wp\/v2\/users\/3"}],"replies":[{"embeddable":true,"href":"https:\/\/grupoloen.com\/es\/wp-json\/wp\/v2\/comments?post=3149"}],"version-history":[{"count":10,"href":"https:\/\/grupoloen.com\/es\/wp-json\/wp\/v2\/pages\/3149\/revisions"}],"predecessor-version":[{"id":3543,"href":"https:\/\/grupoloen.com\/es\/wp-json\/wp\/v2\/pages\/3149\/revisions\/3543"}],"wp:attachment":[{"href":"https:\/\/grupoloen.com\/es\/wp-json\/wp\/v2\/media?parent=3149"}],"curies":[{"name":"wp","href":"https:\/\/api.w.org\/{rel}","templated":true}]}}